{"id":49,"date":"2018-07-10T21:13:32","date_gmt":"2018-07-10T21:13:32","guid":{"rendered":"http:\/\/next.bjoernoltmanns.de\/?page_id=49"},"modified":"2021-08-25T20:28:56","modified_gmt":"2021-08-25T20:28:56","slug":"impressum","status":"publish","type":"page","link":"https:\/\/bjoernoltmanns.de\/?page_id=49","title":{"rendered":"Impressum"},"content":{"rendered":"<h3>Verantwortlich<\/h3>\n<p>Bj\u00f6rn Oltmanns<br \/>\nAm Sonnenweg 20<br \/>\n70619 Stuttgart<\/p>\n<p><a href=\"mailto:mail@bjoernoltmanns.de\">mail@bjoernoltmanns.de<\/a><\/p>\n<h3>Rechtliche Hinweise<\/h3>\n<p><strong>Auskunfts- und Widerrufsrecht<\/strong><\/p>\n<p>Sie haben jederzeit das Recht, sich unentgeltlich und unverz\u00fcglich \u00fcber die zu Ihrer Person erhobenen Daten zu erkundigen. Ebenfalls k\u00f6nnen Sie Ihre Zustimmung zur Verwendung Ihrer angegebenen pers\u00f6nlichen Daten mit Wirkung f\u00fcr die Zukunft widerrufen. Hierf\u00fcr wenden Sie sich bitte an den im Impressum angegebenen Diensteanbieter.<\/p>\n<p><strong>Datenschutz (allgemein)<\/strong><\/p>\n<p>Beim Zugriff auf unsere Webseite werden automatisch allgemeine Informationen (sog. Server-Logfiles) erfasst. Diese\u00a0beinhalten u.a. den von Ihnen verwendeten Webbrowser sowie Ihr Betriebssystem und Ihren Internet Service Provider. Diese\u00a0Daten lassen keinerlei R\u00fcckschl\u00fcsse auf Ihre Person zu und werden von uns statistisch ausgewertet, um unseren\u00a0Internetauftritt technisch und inhaltlich zu verbessern. Das Erfassen dieser Informationen ist notwendig, um den Inhalt\u00a0der Webseite korrekt ausliefern zu k\u00f6nnen.<\/p>\n<p>Die Nutzung der Webseite ist grunds\u00e4tzlich ohne Angabe personenbezogener Daten m\u00f6glich. Soweit\u00a0personenbezogene Daten (beispielsweise Name, Anschrift oder E-Mail-Adressen) erhoben werden, erfolgt dies, soweit m\u00f6glich, stets auf freiwilliger Basis. Diese Daten werden ohne Ihre ausdr\u00fcckliche Zustimmung nicht an Dritte weitergegeben.<\/p>\n<p>Sofern ein Vertragsverh\u00e4ltnis begr\u00fcndet, inhaltlich ausgestaltet oder ge\u00e4ndert werden soll oder Sie an uns eine Anfrage stellen, erheben und verwenden wir personenbezogene Daten von Ihnen, soweit dies zu diesem Zwecke\u00a0erforderlich ist (Bestandsdaten). Wir erheben, verarbeiten und nutzen personenbezogene Daten soweit dies erforderlich\u00a0ist, um Ihnen die Inanspruchnahme des Webangebots zu erm\u00f6glichen (Nutzungsdaten). S\u00e4mtliche personenbezogenen\u00a0Daten werden nur solange gespeichert wie dies f\u00fcr den genannten Zweck (Bearbeitung Ihrer Anfrage oder Abwicklung\u00a0eines Vertrags) erforderlich ist. Hierbei werden steuer- und handelsrechtliche Aufbewahrungsfristen von uns\u00a0ber\u00fccksichtigt. Auf Anordnung der zust\u00e4ndigen Stellen m\u00fcssen wir im Einzelfall Auskunft \u00fcber diese\u00a0Daten (Bestandsdaten) erteilen, soweit dies f\u00fcr Zwecke der Strafverfolgung, zur Gefahrenabwehr, zur Erf\u00fcllung\u00a0der gesetzlichen Aufgaben der Verfassungsschutzbeh\u00f6rden oder des Milit\u00e4rischen Abschirmdienstes oder zur\u00a0Durchsetzung der Rechte am geistigen Eigentum erforderlich ist.<\/p>\n<p>Wir weisen ausdr\u00fccklich darauf hin, dass die Daten\u00fcbertragung im Internet (z. B. bei der Kommunikation per\u00a0E-Mail) Sicherheitsl\u00fccken aufweisen kann. Vor dem Zugriff auf Daten kann nicht l\u00fcckenlos gesch\u00fctzt werden.<\/p>\n<p>Die Nutzung von im Rahmen der Impressumspflicht ver\u00f6ffentlichten Kontaktdaten durch Dritte zur \u00dcbersendung\u00a0von nicht ausdr\u00fccklich angeforderter Werbung und Informationsmaterialien wird hiermit ausdr\u00fccklich untersagt.\u00a0Ausgenommen hiervon sind bestehende Gesch\u00e4ftsbeziehungen bzw. es liegt Ihnen eine entsprechende Einwilligung von uns\u00a0vor.<\/p>\n<p>Die Anbieter und alle auf dieser Website genannten Dritten behalten sich ausdr\u00fccklich rechtliche Schritte im Falle der unverlangten Zusendung von Werbeinformationen vor. Gleiches gilt f\u00fcr die kommerzielle Verwendung und Weitergabe der Daten.<\/p>\n<p><strong>Disclaimer (Haftungsausschluss)<\/strong><\/p>\n<p><strong>1. Haftung f\u00fcr Inhalte<\/strong><\/p>\n<p>Als Diensteanbieter sind wir gem\u00e4\u00df \u00a7 7 Abs. 1 TMG f\u00fcr eigene Inhalte auf diesen Seiten nach den\u00a0allgemeinen Gesetzen verantwortlich. Nach \u00a7\u00a7 8 bis 10 TMG sind wir als Diensteanbieter jedoch nicht\u00a0verpflichtet, \u00fcbermittelte oder gespeicherte fremde Informationen zu \u00fcberwachen oder nach Umst\u00e4nden zu\u00a0forschen, die auf eine rechtswidrige T\u00e4tigkeit hinweisen. Verpflichtungen zur Entfernung oder Sperrung der Nutzung\u00a0von Informationen nach den allgemeinen Gesetzen bleiben hiervon unber\u00fchrt. Eine diesbez\u00fcgliche Haftung ist\u00a0jedoch erst ab dem Zeitpunkt der Kenntnis einer konkreten Rechtsverletzung m\u00f6glich. Bei Bekanntwerden von\u00a0entsprechenden Rechtsverletzungen werden wir diese Inhalte umgehend entfernen.<\/p>\n<p><strong>2. Haftung f\u00fcr Links<\/strong><\/p>\n<p>Diese Website enth\u00e4lt Links zu externen Webseiten Dritter, auf deren Inhalte kein Einfluss genommen werden kann. Deshalb kann f\u00fcr diese fremden Inhalte auch keine Gew\u00e4hr \u00fcbernommen werden. F\u00fcr die Inhalte der\u00a0verlinkten Seiten ist stets der jeweilige Anbieter oder Betreiber der Seiten verantwortlich. Die verlinkten Seiten wurden\u00a0zum Zeitpunkt der Verlinkung auf m\u00f6gliche Rechtsverst\u00f6\u00dfe \u00fcberpr\u00fcft. Rechtswidrige Inhalte waren\u00a0zum Zeitpunkt der Verlinkung nicht erkennbar. Eine permanente inhaltliche Kontrolle der verlinkten Seiten ist jedoch ohne\u00a0konkrete Anhaltspunkte einer Rechtsverletzung nicht zumutbar. Bei Bekanntwerden von Rechtsverletzungen werden derartige\u00a0Links umgehend von dieser Website auf die rechtsverletzende Site entfernen.<\/p>\n<p><strong>3. Urheberrecht<\/strong><\/p>\n<p>Die durch die Diensteanbieter, deren Mitarbeiter und beauftragte Dritte erstellten Inhalte und Werke auf diesen Seiten\u00a0unterliegen dem deutschen Urheberrecht. Die Vervielf\u00e4ltigung, Bearbeitung, Verbreitung und jede Art der Verwertung\u00a0au\u00dferhalb der Grenzen des Urheberrechtes bed\u00fcrfen der vorherigen schriftlichen Zustimmung des jeweiligen Autors\u00a0bzw. Erstellers. Downloads und Kopien dieser Seite sind nur f\u00fcr den privaten, nicht kommerziellen Gebrauch\u00a0gestattet. Soweit die Inhalte auf dieser Seite nicht vom Betreiber erstellt wurden, werden die Urheberrechte Dritter\u00a0beachtet. Insbesondere werden Inhalte Dritter als solche gekennzeichnet. Sollten Sie trotzdem auf eine Urheberrechtsverletzung aufmerksam werden, bitten wir um einen entsprechenden Hinweis. Bei Bekanntwerden von Rechtsverletzungen werden derartige Inhalte umgehend entfernen.<\/p>\n","protected":false},"excerpt":{"rendered":"<p>Verantwortlich Bj\u00f6rn Oltmanns Am Sonnenweg 20 70619 Stuttgart mail@bjoernoltmanns.de Rechtliche Hinweise Auskunfts- und Widerrufsrecht Sie haben jederzeit das Recht, sich unentgeltlich und unverz\u00fcglich \u00fcber die zu Ihrer Person erhobenen Daten zu erkundigen. Ebenfalls k\u00f6nnen Sie Ihre Zustimmung zur Verwendung Ihrer angegebenen pers\u00f6nlichen Daten mit Wirkung f\u00fcr die Zukunft widerrufen. Hierf\u00fcr wenden Sie sich bitte an &hellip; <\/p>\n<p class=\"link-more\"><a href=\"https:\/\/bjoernoltmanns.de\/?page_id=49\" class=\"more-link\">Continue reading<span class=\"screen-reader-text\"> &#8220;Impressum&#8221;<\/span><\/a><\/p>\n","protected":false},"author":1,"featured_media":0,"parent":0,"menu_order":0,"comment_status":"closed","ping_status":"closed","template":"","meta":[],"_links":{"self":[{"href":"https:\/\/bjoernoltmanns.de\/index.php?rest_route=\/wp\/v2\/pages\/49"}],"collection":[{"href":"https:\/\/bjoernoltmanns.de\/index.php?rest_route=\/wp\/v2\/pages"}],"about":[{"href":"https:\/\/bjoernoltmanns.de\/index.php?rest_route=\/wp\/v2\/types\/page"}],"author":[{"embeddable":true,"href":"https:\/\/bjoernoltmanns.de\/index.php?rest_route=\/wp\/v2\/users\/1"}],"replies":[{"embeddable":true,"href":"https:\/\/bjoernoltmanns.de\/index.php?rest_route=%2Fwp%2Fv2%2Fcomments&post=49"}],"version-history":[{"count":6,"href":"https:\/\/bjoernoltmanns.de\/index.php?rest_route=\/wp\/v2\/pages\/49\/revisions"}],"predecessor-version":[{"id":75,"href":"https:\/\/bjoernoltmanns.de\/index.php?rest_route=\/wp\/v2\/pages\/49\/revisions\/75"}],"wp:attachment":[{"href":"https:\/\/bjoernoltmanns.de\/index.php?rest_route=%2Fwp%2Fv2%2Fmedia&parent=49"}],"curies":[{"name":"wp","href":"https:\/\/api.w.org\/{rel}","templated":true}]}}